{"id":36,"date":"2025-03-20T16:54:32","date_gmt":"2025-03-20T15:54:32","guid":{"rendered":"https:\/\/www.totoludies.com\/?page_id=36"},"modified":"2025-03-26T15:35:48","modified_gmt":"2025-03-26T14:35:48","slug":"beta-test","status":"publish","type":"page","link":"https:\/\/www.totoludies.com\/?page_id=36","title":{"rendered":"Beta Test"},"content":{"rendered":"\n<p>Pour passer les testes qualit\u00e9s des diff\u00e9rents stores et \u00eatre pr\u00e9sent sur toutes les plateformes nous avons besoin de b\u00eata-testeurs. En vous inscrivant via le formulaire ci-dessous vous vous portez volontaire pour ces phases de test. Vous allez recevoir des informations sur les b\u00eata-tests, sur les lancements de jeux et sur les actualit\u00e9s de Totoludies. Vous pouvez \u00e0 tout moment vous d\u00e9sinscrire de cette liste en adressant un mail \u00e0 :<\/p>\n\n\n\n<div class=\"wp-block-group is-nowrap is-layout-flex wp-container-core-group-is-layout-ad2f72ca wp-block-group-is-layout-flex\">\n<figure class=\"wp-block-image size-full is-resized\"><img loading=\"lazy\" decoding=\"async\" width=\"259\" height=\"34\" src=\"https:\/\/www.totoludies.com\/wp-content\/uploads\/2025\/03\/ttc.png\" alt=\"\" class=\"wp-image-89\" style=\"width:180px;height:auto\"\/><\/figure>\n\n\n\n<p class=\"has-text-color has-link-color wp-elements-b2bc1e44059e632841c0788f77ecf01c\" style=\"color:#000d4b\"><\/p>\n<\/div>\n\n\n\n<iframe loading=\"lazy\" src=\"https:\/\/docs.google.com\/forms\/d\/e\/1FAIpQLSc3QGt6Bkhp3J3XcLW0JbHZ34JsyFowG6TLvBcnvQ6zzGISkQ\/viewform?embedded=true\" width=\"640\" height=\"800\" frameborder=\"0\" marginheight=\"0\" marginwidth=\"0\">Chargement\u2026<\/iframe>\n","protected":false},"excerpt":{"rendered":"<p>Pour passer les testes qualit\u00e9s des diff\u00e9rents stores et \u00eatre pr\u00e9sent sur toutes les plateformes nous avons besoin de b\u00eata-testeurs. En vous inscrivant via le formulaire ci-dessous vous vous portez volontaire pour ces phases de test. Vous allez recevoir des informations sur les b\u00eata-tests, sur les lancements de jeux et sur les actualit\u00e9s de Totoludies. Vous pouvez \u00e0 tout moment vous d\u00e9sinscrire de cette liste en adressant un mail \u00e0 : Chargement\u2026<\/p>\n","protected":false},"author":2,"featured_media":0,"parent":0,"menu_order":0,"comment_status":"closed","ping_status":"closed","template":"","meta":{"footnotes":""},"class_list":["post-36","page","type-page","status-publish","hentry"],"_links":{"self":[{"href":"https:\/\/www.totoludies.com\/index.php?rest_route=\/wp\/v2\/pages\/36","targetHints":{"allow":["GET"]}}],"collection":[{"href":"https:\/\/www.totoludies.com\/index.php?rest_route=\/wp\/v2\/pages"}],"about":[{"href":"https:\/\/www.totoludies.com\/index.php?rest_route=\/wp\/v2\/types\/page"}],"author":[{"embeddable":true,"href":"https:\/\/www.totoludies.com\/index.php?rest_route=\/wp\/v2\/users\/2"}],"replies":[{"embeddable":true,"href":"https:\/\/www.totoludies.com\/index.php?rest_route=%2Fwp%2Fv2%2Fcomments&post=36"}],"version-history":[{"count":4,"href":"https:\/\/www.totoludies.com\/index.php?rest_route=\/wp\/v2\/pages\/36\/revisions"}],"predecessor-version":[{"id":91,"href":"https:\/\/www.totoludies.com\/index.php?rest_route=\/wp\/v2\/pages\/36\/revisions\/91"}],"wp:attachment":[{"href":"https:\/\/www.totoludies.com\/index.php?rest_route=%2Fwp%2Fv2%2Fmedia&parent=36"}],"curies":[{"name":"wp","href":"https:\/\/api.w.org\/{rel}","templated":true}]}}