{"id":288,"date":"2025-08-27T12:02:57","date_gmt":"2025-08-27T10:02:57","guid":{"rendered":"https:\/\/www.totoludies.com\/?page_id=288"},"modified":"2025-10-04T18:31:24","modified_gmt":"2025-10-04T16:31:24","slug":"test-2-picness-valley","status":"publish","type":"page","link":"https:\/\/www.totoludies.com\/?page_id=288","title":{"rendered":"Test 2 : Picness Valley"},"content":{"rendered":"\n<h3 class=\"wp-block-heading\"><strong>Pr\u00e9sentation du jeu<\/strong><\/h3>\n\n\n\n<p><em>Picness Valley<\/em>&nbsp;est un&nbsp;<em>City Builder<\/em>&nbsp;de type \u00ab&nbsp;gestion de colonie&nbsp;\u00bb. Il vous faudra attribuer des t\u00e2ches \u00e0 des villageois pour assurer leurs survie et faire prosp\u00e9rer la colonie (travail des champs, construction de b\u00e2timents, r\u00e9cup\u00e9ration de ressources, etc.).<\/p>\n\n\n\n<p><strong>Contexte<\/strong><\/p>\n\n\n\n<p>Votre aventure prend racine dans la vall\u00e9e de Picness, o\u00f9 votre communaut\u00e9 s&rsquo;est install\u00e9e, il y a bien longtemps. Le destin vous a souri, car ce lieu est un v\u00e9ritable \u00e9crin de prosp\u00e9rit\u00e9. Devant vous s\u2019\u00e9tend une vall\u00e9e somptueuse, \u00e0 la flore foisonnante, ceinte de hautes montagnes dress\u00e9es tels d\u2019infranchissables remparts. Ces massifs, g\u00e9n\u00e9reux en pierre de taille et en veines de minerais pr\u00e9cieux, lib\u00e8rent de claires rivi\u00e8res argent\u00e9es et poissonneuses qui serpentent jusqu\u2019aux plaines. Leurs eaux fertilisent des terres d\u2019une richesse inestimable, promesse de r\u00e9coltes abondantes. Au c\u0153ur de ce paradis verdoyant s\u2019\u00e9l\u00e8vent de vastes for\u00eats opulentes, dispensant \u00e0 profusion le bois n\u00e9cessaire pour b\u00e2tir vos demeures et nourrir les flammes qui r\u00e9chaufferont vos foyers.<\/p>\n\n\n\n<p>Cependant, vivre dans la vall\u00e9e de&nbsp;<em>Picness<\/em>&nbsp;\u00e0 un prix. Ce prix est celui du sang.<br><br>En effet, cette vall\u00e9e est gard\u00e9e par l\u2019invincible Dragon Zebor qui exige, en \u00e9change du droit de vivre dans la vall\u00e9e, d\u2019\u00eatre nourri par des vies humaines. S&rsquo;il n\u2019est pas repu, il rasera votre village. \u00c0 vous d\u2019organiser votre soci\u00e9t\u00e9 pour que vos villageois consentent au sacrifice ultime afin de contenter Zebor et ainsi de garantir la prosp\u00e9rit\u00e9 de votre cit\u00e9 !<\/p>\n\n\n\n<p><strong>M\u00e9caniques principales<\/strong><\/p>\n\n\n\n<p>Lors de votre d\u00e9veloppement vous devez vous assurer qu\u2019un nombre suffisant de vos citoyens soient pr\u00eats \u00e0 se sacrifier. Pour ce faire vous pouvez favoriser (ou r\u00e9primer) quatre courants de pens\u00e9s :<\/p>\n\n\n\n<ul class=\"wp-block-list\">\n<li>Les <strong>lib\u00e9raux<\/strong>&nbsp;<img loading=\"lazy\" decoding=\"async\" width=\"20\" height=\"20\" class=\"wp-image-302\" style=\"width: 20px;\" src=\"https:\/\/www.totoludies.com\/wp-content\/uploads\/2025\/08\/Image3.png\" alt=\"\"> <br>Ils d\u00e9signent les sacrifi\u00e9s parmi les pauvres de la soci\u00e9t\u00e9 via un syst\u00e8me censitaire<br>Ils d\u00e9bloquent des b\u00e2timents de commerce<br>Objectif du joueur : l\u2019\u00e9conomie doit \u00eatre assez verticale et in\u00e9galitaire pour qu\u2019il y ait assez de pauvres.<\/li>\n\n\n\n<li>Les <strong>fid\u00e9istes<\/strong>&nbsp;<img loading=\"lazy\" decoding=\"async\" width=\"20\" height=\"19\" class=\"wp-image-304\" style=\"width: 20px;\" src=\"https:\/\/www.totoludies.com\/wp-content\/uploads\/2025\/08\/Image1.png\" alt=\"\"> <br>Ils d\u00e9signent les sacrifi\u00e9s parmi les personnes \u00e2g\u00e9es <br>Ils d\u00e9bloquent des b\u00e2timents de foi<br>Objectif du joueur : la mortalit\u00e9 doit \u00eatre faible pour que la pyramide des \u00e2ges permette de fournir assez d\u2019anciens.<\/li>\n\n\n\n<li>Les <strong>rationalistes<\/strong> <img loading=\"lazy\" decoding=\"async\" width=\"28\" height=\"28\" class=\"wp-image-303\" style=\"width: 28px;\" src=\"https:\/\/www.totoludies.com\/wp-content\/uploads\/2025\/08\/Image4.png\" alt=\"\" srcset=\"https:\/\/www.totoludies.com\/wp-content\/uploads\/2025\/08\/Image4.png 95w, https:\/\/www.totoludies.com\/wp-content\/uploads\/2025\/08\/Image4-75x75.png 75w\" sizes=\"auto, (max-width: 28px) 100vw, 28px\" \/><br>Ils d\u00e9signent les sacrifi\u00e9s par tirage au sort<br>Ils d\u00e9bloquent des b\u00e2timents de sciences<br>Objectif du joueur : vous devez avoir assez de population<\/li>\n\n\n\n<li>Les <strong>humanistes<\/strong>&nbsp;<img loading=\"lazy\" decoding=\"async\" width=\"20\" height=\"21\" class=\"wp-image-301\" style=\"width: 20px;\" src=\"https:\/\/www.totoludies.com\/wp-content\/uploads\/2025\/08\/Image2.png\" alt=\"\"><br>Ils ne veulent pas se sacrifier du tout, mais en d\u00e9coudre avec Zebor<br>Ils d\u00e9bloquent des b\u00e2timents de guerre<br>Objectif du joueur : limiter au maximum leur nombre sinon il n&rsquo;y aura pas assez de candidat au sacrifice et la p\u00e9rennit\u00e9 de votre cit\u00e9 sera menac\u00e9e\u2026 \u00c0 moins que\u2026 ?<\/li>\n<\/ul>\n\n\n\n<p>Chaque communaut\u00e9 \u00e0 ses avantages et ses inconv\u00e9nients. Des synergies sont trouvables entre les b\u00e2timents et plusieurs strat\u00e9gies sont possibles : jouer en se sp\u00e9cialisant sur une des quatre faction ou en favorisant des associations de courant de pens\u00e9. Mais une chose semble \u00e9vidente, trop d&rsquo;humanistes vous condamneras \u00e0 coup s\u00fbr. Cependant, un revirement opportun vous permettra peut-\u00eatre de vous lib\u00e9rer d\u00e9finitivement du co\u00fbt du sang.<\/p>\n\n\n\n<h3 class=\"wp-block-heading\"><strong>Caract\u00e9ristiques techniques et d\u00e9veloppement<\/strong><\/h3>\n\n\n\n<p>Le jeu est d\u00e9velopp\u00e9 en C# sur Unity.<br>Les versions Alpha et Beta du jeu seront disponible sur navigateur et sur PC. La version finale sera uniquement sur PC.<\/p>\n\n\n\n<p>Le jeu sera en Anglais avant d\u2019\u00eatre en version multilingue (\u00e0 partir de la Beta) FR\/ES.<\/p>\n\n\n\n<h3 class=\"wp-block-heading\"><strong>Ressources<\/strong><\/h3>\n\n\n\n<p><a href=\"https:\/\/www.totoludies.com\/?yada_wiki=picness-valley-development-road-map\">D\u00e9veloppement : Road Map<\/a><br><a href=\"https:\/\/www.totoludies.com\/?yada_wiki=picness-valley-picness-valley-arts-work\">Arts Work<\/a><\/p>\n\n\n\n<p><a href=\"https:\/\/www.totoludies.com\/dl\/pv\/Navigateur\/Alpha\/\">Version Alpha<\/a><\/p>\n\n\n\n<p><\/p>\n","protected":false},"excerpt":{"rendered":"<p>Pr\u00e9sentation du jeu Picness Valley&nbsp;est un&nbsp;City Builder&nbsp;de type \u00ab&nbsp;gestion de colonie&nbsp;\u00bb. Il vous faudra attribuer des t\u00e2ches \u00e0 des villageois pour assurer leurs survie et faire prosp\u00e9rer la colonie (travail des champs, construction de b\u00e2timents, r\u00e9cup\u00e9ration de ressources, etc.). Contexte Votre aventure prend racine dans la vall\u00e9e de Picness, o\u00f9 votre communaut\u00e9 s&rsquo;est install\u00e9e, il y a bien longtemps. Le destin vous a souri, car ce lieu est un v\u00e9ritable \u00e9crin de prosp\u00e9rit\u00e9. Devant vous s\u2019\u00e9tend une vall\u00e9e somptueuse, \u00e0 la flore foisonnante, ceinte de hautes montagnes dress\u00e9es tels d\u2019infranchissables remparts. Ces massifs, g\u00e9n\u00e9reux en pierre de taille et en veines de minerais pr\u00e9cieux, lib\u00e8rent de claires rivi\u00e8res argent\u00e9es et poissonneuses qui serpentent jusqu\u2019aux plaines. Leurs eaux fertilisent des terres d\u2019une richesse inestimable, promesse de r\u00e9coltes abondantes. Au c\u0153ur de ce paradis verdoyant s\u2019\u00e9l\u00e8vent de vastes for\u00eats opulentes, dispensant \u00e0 profusion le bois n\u00e9cessaire pour b\u00e2tir vos demeures et nourrir les flammes qui r\u00e9chaufferont vos foyers. Cependant, vivre dans la vall\u00e9e de&nbsp;Picness&nbsp;\u00e0 un prix. Ce prix est celui du sang. En effet, cette vall\u00e9e est gard\u00e9e par l\u2019invincible Dragon Zebor qui exige, en \u00e9change du droit de vivre dans la vall\u00e9e, d\u2019\u00eatre nourri par des vies humaines. S&rsquo;il n\u2019est pas repu, il rasera votre village. \u00c0 vous d\u2019organiser votre soci\u00e9t\u00e9 pour que vos villageois consentent au sacrifice ultime afin de contenter Zebor et ainsi de garantir la prosp\u00e9rit\u00e9 de votre cit\u00e9 ! M\u00e9caniques principales Lors de votre d\u00e9veloppement vous devez vous assurer qu\u2019un nombre suffisant de vos citoyens soient pr\u00eats \u00e0 se sacrifier. Pour ce faire vous pouvez favoriser (ou r\u00e9primer) quatre courants de pens\u00e9s : Chaque communaut\u00e9 \u00e0 ses avantages et ses inconv\u00e9nients. Des synergies sont trouvables entre les b\u00e2timents et plusieurs strat\u00e9gies sont possibles : jouer en se sp\u00e9cialisant sur une des quatre faction ou en favorisant des associations de courant de pens\u00e9. Mais une chose semble \u00e9vidente, trop d&rsquo;humanistes vous condamneras \u00e0 coup s\u00fbr. Cependant, un revirement opportun vous permettra peut-\u00eatre de vous lib\u00e9rer d\u00e9finitivement du co\u00fbt du sang. Caract\u00e9ristiques techniques et d\u00e9veloppement Le jeu est d\u00e9velopp\u00e9 en C# sur Unity.Les versions Alpha et Beta du jeu seront disponible sur navigateur et sur PC. La version finale sera uniquement sur PC. Le jeu sera en Anglais avant d\u2019\u00eatre en version multilingue (\u00e0 partir de la Beta) FR\/ES. Ressources D\u00e9veloppement : Road MapArts Work Version Alpha<\/p>\n","protected":false},"author":2,"featured_media":0,"parent":0,"menu_order":0,"comment_status":"closed","ping_status":"closed","template":"","meta":{"footnotes":""},"class_list":["post-288","page","type-page","status-publish","hentry"],"_links":{"self":[{"href":"https:\/\/www.totoludies.com\/index.php?rest_route=\/wp\/v2\/pages\/288","targetHints":{"allow":["GET"]}}],"collection":[{"href":"https:\/\/www.totoludies.com\/index.php?rest_route=\/wp\/v2\/pages"}],"about":[{"href":"https:\/\/www.totoludies.com\/index.php?rest_route=\/wp\/v2\/types\/page"}],"author":[{"embeddable":true,"href":"https:\/\/www.totoludies.com\/index.php?rest_route=\/wp\/v2\/users\/2"}],"replies":[{"embeddable":true,"href":"https:\/\/www.totoludies.com\/index.php?rest_route=%2Fwp%2Fv2%2Fcomments&post=288"}],"version-history":[{"count":12,"href":"https:\/\/www.totoludies.com\/index.php?rest_route=\/wp\/v2\/pages\/288\/revisions"}],"predecessor-version":[{"id":332,"href":"https:\/\/www.totoludies.com\/index.php?rest_route=\/wp\/v2\/pages\/288\/revisions\/332"}],"wp:attachment":[{"href":"https:\/\/www.totoludies.com\/index.php?rest_route=%2Fwp%2Fv2%2Fmedia&parent=288"}],"curies":[{"name":"wp","href":"https:\/\/api.w.org\/{rel}","templated":true}]}}