{"id":24,"date":"2025-03-20T16:20:40","date_gmt":"2025-03-20T15:20:40","guid":{"rendered":"https:\/\/www.totoludies.com\/?page_id=24"},"modified":"2025-10-04T18:41:09","modified_gmt":"2025-10-04T16:41:09","slug":"teste-1-toto-a-la-plage","status":"publish","type":"page","link":"https:\/\/www.totoludies.com\/?page_id=24","title":{"rendered":"Test 1 : Toto \u00e0 la plage"},"content":{"rendered":"\n<figure class=\"wp-block-image size-full is-resized is-style-default\"><img loading=\"lazy\" decoding=\"async\" width=\"1024\" height=\"342\" src=\"https:\/\/www.totoludies.com\/wp-content\/uploads\/2025\/03\/taptop-1024x474-1.png\" alt=\"\" class=\"wp-image-82\" style=\"width:688px;height:auto\" srcset=\"https:\/\/www.totoludies.com\/wp-content\/uploads\/2025\/03\/taptop-1024x474-1.png 1024w, https:\/\/www.totoludies.com\/wp-content\/uploads\/2025\/03\/taptop-1024x474-1-300x100.png 300w, https:\/\/www.totoludies.com\/wp-content\/uploads\/2025\/03\/taptop-1024x474-1-768x257.png 768w\" sizes=\"auto, (max-width: 1024px) 100vw, 1024px\" \/><\/figure>\n\n\n\n<p>Ce \u00ab&nbsp;jeu&nbsp;\u00bb, n\u2019est qu\u2019un test fait pour apprendre \u00e0 d\u00e9velopper. Il est pens\u00e9 pour \u00eatre jou\u00e9 en<br>mode <em>Chill&nbsp; <\/em>: vous \u00eates sur la plage, et vous ramassez des coquillages, c\u2019est tout, tranquille&#8230;<br>Le mode <em>r\u00e9aliste<\/em> vous donnera une exp\u00e9rience plus \u00e2pre, comme dans la vie la nature est<br>hostile et les contr\u00f4les sont \u00e9clat\u00e9s. Nonobstant, de belles r\u00e9compenses sont \u00e0 la cl\u00e9\u2026.<\/p>\n\n\n\n<p>Jeux de plateforme 2D en pixel art. <br>Disponible sur :<\/p>\n\n\n\n<figure class=\"wp-block-image size-full is-resized\"><img loading=\"lazy\" decoding=\"async\" width=\"457\" height=\"84\" src=\"https:\/\/www.totoludies.com\/wp-content\/uploads\/2025\/03\/full-compa.png\" alt=\"\" class=\"wp-image-72\" style=\"width:245px;height:auto\" srcset=\"https:\/\/www.totoludies.com\/wp-content\/uploads\/2025\/03\/full-compa.png 457w, https:\/\/www.totoludies.com\/wp-content\/uploads\/2025\/03\/full-compa-300x55.png 300w\" sizes=\"auto, (max-width: 457px) 100vw, 457px\" \/><\/figure>\n\n\n\n<p>Choisissiez votre version :<\/p>\n\n\n\n<figure class=\"wp-block-table\"><table class=\"has-fixed-layout\"><tbody><tr><td><strong>Versions<\/strong><\/td><td><strong>Direct<\/strong><\/td><td><strong>Stores<\/strong><\/td><\/tr><tr><td>1.0.0<\/td><td><a href=\"https:\/\/www.totoludies.com\/dl\/totoalaplage\/Web\/\">Navigateur Web<\/a><br><a href=\"https:\/\/www.totoludies.com\/dl\/totoalaplage\/Windows\/Toto%20%c3%a0%20la%20plage%201.0.zip\">Windows (.zip)<\/a><br><a href=\"https:\/\/www.totoludies.com\/dl\/totoalaplage\/Android\/Toto%20%c3%a0%20la%20plage%201.0.apk\">Android (.apk)<\/a><\/td><td><a href=\"https:\/\/store.steampowered.com\/app\/3858230\/Toto__la_plage\/\">Steam<\/a><br><a href=\"https:\/\/play.google.com\/store\/apps\/details?id=com.totoludies.com.unity.template.mobile2D&amp;utm_source=emea_Med\">Play Store<\/a><br>Apple Store<\/td><\/tr><\/tbody><\/table><\/figure>\n\n\n\n<p><strong>Trailer<\/strong><\/p>\n\n\n\n<figure class=\"wp-block-video\"><video height=\"1080\" style=\"aspect-ratio: 1920 \/ 1080;\" width=\"1920\" controls preload=\"auto\" src=\"https:\/\/www.totoludies.com\/wp-content\/uploads\/2025\/09\/Toto-a-la-plage-Steam-Trailer-2025-09-18-18-01-13-2.mp4\"><\/video><\/figure>\n\n\n\n<p><a href=\"https:\/\/www.totoludies.com\/?page_id=3\">Politique de confidentialit\u00e9<\/a><\/p>\n\n\n\n<p><\/p>\n","protected":false},"excerpt":{"rendered":"<p>Ce \u00ab&nbsp;jeu&nbsp;\u00bb, n\u2019est qu\u2019un test fait pour apprendre \u00e0 d\u00e9velopper. Il est pens\u00e9 pour \u00eatre jou\u00e9 enmode Chill&nbsp; : vous \u00eates sur la plage, et vous ramassez des coquillages, c\u2019est tout, tranquille&#8230;Le mode r\u00e9aliste vous donnera une exp\u00e9rience plus \u00e2pre, comme dans la vie la nature esthostile et les contr\u00f4les sont \u00e9clat\u00e9s. Nonobstant, de belles r\u00e9compenses sont \u00e0 la cl\u00e9\u2026. Jeux de plateforme 2D en pixel art. Disponible sur : Choisissiez votre version : Versions Direct Stores 1.0.0 Navigateur WebWindows (.zip)Android (.apk) SteamPlay StoreApple Store Trailer Politique de confidentialit\u00e9<\/p>\n","protected":false},"author":2,"featured_media":0,"parent":0,"menu_order":0,"comment_status":"closed","ping_status":"closed","template":"","meta":{"footnotes":""},"class_list":["post-24","page","type-page","status-publish","hentry"],"_links":{"self":[{"href":"https:\/\/www.totoludies.com\/index.php?rest_route=\/wp\/v2\/pages\/24","targetHints":{"allow":["GET"]}}],"collection":[{"href":"https:\/\/www.totoludies.com\/index.php?rest_route=\/wp\/v2\/pages"}],"about":[{"href":"https:\/\/www.totoludies.com\/index.php?rest_route=\/wp\/v2\/types\/page"}],"author":[{"embeddable":true,"href":"https:\/\/www.totoludies.com\/index.php?rest_route=\/wp\/v2\/users\/2"}],"replies":[{"embeddable":true,"href":"https:\/\/www.totoludies.com\/index.php?rest_route=%2Fwp%2Fv2%2Fcomments&post=24"}],"version-history":[{"count":13,"href":"https:\/\/www.totoludies.com\/index.php?rest_route=\/wp\/v2\/pages\/24\/revisions"}],"predecessor-version":[{"id":334,"href":"https:\/\/www.totoludies.com\/index.php?rest_route=\/wp\/v2\/pages\/24\/revisions\/334"}],"wp:attachment":[{"href":"https:\/\/www.totoludies.com\/index.php?rest_route=%2Fwp%2Fv2%2Fmedia&parent=24"}],"curies":[{"name":"wp","href":"https:\/\/api.w.org\/{rel}","templated":true}]}}