{"id":2,"date":"2025-01-01T16:46:49","date_gmt":"2025-01-01T15:46:49","guid":{"rendered":"http:\/\/totolum.cluster029.hosting.ovh.net\/?page_id=2"},"modified":"2025-04-02T00:15:46","modified_gmt":"2025-04-01T22:15:46","slug":"page-d-exemple","status":"publish","type":"page","link":"https:\/\/www.totoludies.com\/","title":{"rendered":"Accueil"},"content":{"rendered":"\n<p><strong>Description du projet<\/strong><\/p>\n\n\n\n<p>Totoludies est un projet avec pour objectif d&rsquo;acqu\u00e9rir toutes les comp\u00e9tences pour concevoir, d\u00e9velopper et diffuser un jeu vid\u00e9o en partant de z\u00e9ro. Pour ce faire, le projet pr\u00e9voit la production de deux minis jeux, test 1 et test 2, con\u00e7ut sans objectif de qualit\u00e9, mais visant \u00e0 acqu\u00e9rir des comp\u00e9tences pr\u00e9cises en vue de rendre possible \u00e0 terme le d\u00e9veloppement d&rsquo;un premier \u00ab\u00a0vrai\u00a0\u00bb jeu.<\/p>\n\n\n\n<figure class=\"wp-block-image size-large\"><img loading=\"lazy\" decoding=\"async\" width=\"1024\" height=\"689\" src=\"https:\/\/www.totoludies.com\/wp-content\/uploads\/2025\/04\/Image1-1024x689.png\" alt=\"\" class=\"wp-image-112\" srcset=\"https:\/\/www.totoludies.com\/wp-content\/uploads\/2025\/04\/Image1-1024x689.png 1024w, https:\/\/www.totoludies.com\/wp-content\/uploads\/2025\/04\/Image1-300x202.png 300w, https:\/\/www.totoludies.com\/wp-content\/uploads\/2025\/04\/Image1-768x517.png 768w, https:\/\/www.totoludies.com\/wp-content\/uploads\/2025\/04\/Image1.png 1057w\" sizes=\"auto, (max-width: 1024px) 100vw, 1024px\" \/><\/figure>\n","protected":false},"excerpt":{"rendered":"<p>Description du projet Totoludies est un projet avec pour objectif d&rsquo;acqu\u00e9rir toutes les comp\u00e9tences pour concevoir, d\u00e9velopper et diffuser un jeu vid\u00e9o en partant de z\u00e9ro. Pour ce faire, le projet pr\u00e9voit la production de deux minis jeux, test 1 et test 2, con\u00e7ut sans objectif de qualit\u00e9, mais visant \u00e0 acqu\u00e9rir des comp\u00e9tences pr\u00e9cises en vue de rendre possible \u00e0 terme le d\u00e9veloppement d&rsquo;un premier \u00ab\u00a0vrai\u00a0\u00bb jeu.<\/p>\n","protected":false},"author":2,"featured_media":0,"parent":0,"menu_order":0,"comment_status":"closed","ping_status":"open","template":"","meta":{"footnotes":""},"class_list":["post-2","page","type-page","status-publish","hentry"],"_links":{"self":[{"href":"https:\/\/www.totoludies.com\/index.php?rest_route=\/wp\/v2\/pages\/2","targetHints":{"allow":["GET"]}}],"collection":[{"href":"https:\/\/www.totoludies.com\/index.php?rest_route=\/wp\/v2\/pages"}],"about":[{"href":"https:\/\/www.totoludies.com\/index.php?rest_route=\/wp\/v2\/types\/page"}],"author":[{"embeddable":true,"href":"https:\/\/www.totoludies.com\/index.php?rest_route=\/wp\/v2\/users\/2"}],"replies":[{"embeddable":true,"href":"https:\/\/www.totoludies.com\/index.php?rest_route=%2Fwp%2Fv2%2Fcomments&post=2"}],"version-history":[{"count":6,"href":"https:\/\/www.totoludies.com\/index.php?rest_route=\/wp\/v2\/pages\/2\/revisions"}],"predecessor-version":[{"id":115,"href":"https:\/\/www.totoludies.com\/index.php?rest_route=\/wp\/v2\/pages\/2\/revisions\/115"}],"wp:attachment":[{"href":"https:\/\/www.totoludies.com\/index.php?rest_route=%2Fwp%2Fv2%2Fmedia&parent=2"}],"curies":[{"name":"wp","href":"https:\/\/api.w.org\/{rel}","templated":true}]}}